{"id":89,"date":"2011-04-04T18:17:29","date_gmt":"2011-04-04T18:17:29","guid":{"rendered":"http:\/\/localhost\/Eduks\/?page_id=89"},"modified":"2024-03-27T09:38:44","modified_gmt":"2024-03-27T09:38:44","slug":"vystupy","status":"publish","type":"page","link":"http:\/\/www.dejum.sav.sk\/eduks\/vystupy\/","title":{"rendered":"V\u00fdstupy"},"content":{"rendered":"<p>V sekcii V\u00fdstupy n\u00e1jdete z\u00e1kladn\u00e9 inform\u00e1cie, ktor\u00e9 v\u00e1s bud\u00fa informova\u0165 o dosiahnut\u00fdch v\u00fdsledkoch, ako aj dopadoch realiz\u00e1cie projektu v prerozdelen\u00ed na podsekcie:<\/p>\n<ul>\n<li>MERATE\u013dN\u00c9 UKAZOVATELE<\/li>\n<li>\u0160T\u00daDIE A PUBLIK\u00c1CIE<\/li>\n<li>BUDOVANIE KNI\u017dNICE<\/li>\n<li>INFRA\u0160TRUKT\u00daRA A ZARIADENIA<\/li>\n<\/ul>\n","protected":false},"excerpt":{"rendered":"<p>V sekcii V\u00fdstupy n\u00e1jdete z\u00e1kladn\u00e9 inform\u00e1cie, ktor\u00e9 v\u00e1s bud\u00fa informova\u0165 o dosiahnut\u00fdch v\u00fdsledkoch, ako aj dopadoch realiz\u00e1cie projektu v prerozdelen\u00ed na podsekcie: MERATE\u013dN\u00c9 UKAZOVATELE \u0160T\u00daDIE A PUBLIK\u00c1CIE BUDOVANIE KNI\u017dNICE INFRA\u0160TRUKT\u00daRA A ZARIADENIA<\/p>\n","protected":false},"author":1,"featured_media":0,"parent":0,"menu_order":0,"comment_status":"closed","ping_status":"open","template":"","meta":[],"_links":{"self":[{"href":"http:\/\/www.dejum.sav.sk\/eduks\/wp-json\/wp\/v2\/pages\/89"}],"collection":[{"href":"http:\/\/www.dejum.sav.sk\/eduks\/wp-json\/wp\/v2\/pages"}],"about":[{"href":"http:\/\/www.dejum.sav.sk\/eduks\/wp-json\/wp\/v2\/types\/page"}],"author":[{"embeddable":true,"href":"http:\/\/www.dejum.sav.sk\/eduks\/wp-json\/wp\/v2\/users\/1"}],"replies":[{"embeddable":true,"href":"http:\/\/www.dejum.sav.sk\/eduks\/wp-json\/wp\/v2\/comments?post=89"}],"version-history":[{"count":5,"href":"http:\/\/www.dejum.sav.sk\/eduks\/wp-json\/wp\/v2\/pages\/89\/revisions"}],"predecessor-version":[{"id":505,"href":"http:\/\/www.dejum.sav.sk\/eduks\/wp-json\/wp\/v2\/pages\/89\/revisions\/505"}],"wp:attachment":[{"href":"http:\/\/www.dejum.sav.sk\/eduks\/wp-json\/wp\/v2\/media?parent=89"}],"curies":[{"name":"wp","href":"https:\/\/api.w.org\/{rel}","templated":true}]}}