{"id":87,"date":"2011-04-04T18:17:03","date_gmt":"2011-04-04T18:17:03","guid":{"rendered":"http:\/\/localhost\/Eduks\/?page_id=87"},"modified":"2024-03-27T09:38:43","modified_gmt":"2024-03-27T09:38:43","slug":"projektova-dokumentacia","status":"publish","type":"page","link":"http:\/\/www.dejum.sav.sk\/eduks\/projektova-dokumentacia\/","title":{"rendered":"Projektov\u00e1 dokument\u00e1cia"},"content":{"rendered":"<p>Sekcia Projektov\u00e1 dokument\u00e1cia bude venovan\u00e1 z\u00e1kladn\u00fdm dokumentom k projektu. N\u00e1jdete tu z\u00e1kladn\u00e9 inform\u00e1cie a dokumenty, ktor\u00e9 s\u00fa \u0161trukt\u00farovan\u00e9 na 4 z\u00e1kladn\u00e9 podsekcie:<\/p>\n<ul>\n<li>NEN\u00c1VRATN\u00dd FINAN\u010cN\u00dd PR\u00cdSPEVOK &#8211; ZMLUVY A DODATKY<\/li>\n<li> VEREJN\u00c9 OBSTAR\u00c1VANIE<\/li>\n<li> Z\u00c1PISNICE<\/li>\n<li> MONITOROVACIE SPR\u00c1VY<\/li>\n<\/ul>\n","protected":false},"excerpt":{"rendered":"<p>Sekcia Projektov\u00e1 dokument\u00e1cia bude venovan\u00e1 z\u00e1kladn\u00fdm dokumentom k projektu. N\u00e1jdete tu z\u00e1kladn\u00e9 inform\u00e1cie a dokumenty, ktor\u00e9 s\u00fa \u0161trukt\u00farovan\u00e9 na 4 z\u00e1kladn\u00e9 podsekcie: NEN\u00c1VRATN\u00dd FINAN\u010cN\u00dd PR\u00cdSPEVOK &#8211; ZMLUVY A DODATKY VEREJN\u00c9 OBSTAR\u00c1VANIE Z\u00c1PISNICE MONITOROVACIE SPR\u00c1VY<\/p>\n","protected":false},"author":1,"featured_media":0,"parent":0,"menu_order":0,"comment_status":"closed","ping_status":"open","template":"","meta":[],"_links":{"self":[{"href":"http:\/\/www.dejum.sav.sk\/eduks\/wp-json\/wp\/v2\/pages\/87"}],"collection":[{"href":"http:\/\/www.dejum.sav.sk\/eduks\/wp-json\/wp\/v2\/pages"}],"about":[{"href":"http:\/\/www.dejum.sav.sk\/eduks\/wp-json\/wp\/v2\/types\/page"}],"author":[{"embeddable":true,"href":"http:\/\/www.dejum.sav.sk\/eduks\/wp-json\/wp\/v2\/users\/1"}],"replies":[{"embeddable":true,"href":"http:\/\/www.dejum.sav.sk\/eduks\/wp-json\/wp\/v2\/comments?post=87"}],"version-history":[{"count":11,"href":"http:\/\/www.dejum.sav.sk\/eduks\/wp-json\/wp\/v2\/pages\/87\/revisions"}],"predecessor-version":[{"id":1537,"href":"http:\/\/www.dejum.sav.sk\/eduks\/wp-json\/wp\/v2\/pages\/87\/revisions\/1537"}],"wp:attachment":[{"href":"http:\/\/www.dejum.sav.sk\/eduks\/wp-json\/wp\/v2\/media?parent=87"}],"curies":[{"name":"wp","href":"https:\/\/api.w.org\/{rel}","templated":true}]}}