{"id":70,"date":"2011-04-04T17:12:09","date_gmt":"2011-04-04T17:12:09","guid":{"rendered":"http:\/\/localhost\/Eduks\/?page_id=70"},"modified":"2024-03-27T09:38:43","modified_gmt":"2024-03-27T09:38:43","slug":"projekt","status":"publish","type":"page","link":"http:\/\/www.dejum.sav.sk\/eduks\/projekt\/","title":{"rendered":"Projekt"},"content":{"rendered":"<p style=\"text-align: justify;\">Hlavn\u00fdm z\u00e1merom projektu Eur\u00f3pske dimenzie umeleckej kult\u00fary Slovenska je podpora excelentn\u00e9ho v\u00fdskumu v oblasti te\u00f3rie dej\u00edn kult\u00fary a umenia.\u00a0 \u00dastav dej\u00edn umenia SAV, ako \u017eiadate\u013e a hlavn\u00fd partner projektu, je \u0161pecializovan\u00fdm vedeck\u00fdm pracoviskom SAV, ktor\u00e9 sa orientuje na v\u00fdskum dej\u00edn a te\u00f3rie v\u00fdtvarnej kult\u00fary v dom\u00e1com a\u00a0 medzin\u00e1rodnom kontexte.<\/p>\n<p style=\"text-align: justify;\">Cie\u013eom projektu je vybudova\u0165 centrum excelentn\u00e9ho v\u00fdskumu v oblasti te\u00f3rie a dej\u00edn kult\u00fary, ktor\u00e9 by zodpovedalo s\u00fa\u010dasn\u00fdm potreb\u00e1m rozvoja slovenskej kult\u00fary v znalostnej spolo\u010dnosti. Zalo\u017eenie centra excelentnosti je z\u00e1kladn\u00fdm stavebn\u00fdm kame\u0148om celon\u00e1rodnej iniciat\u00edvy v oblasti   komplexn\u00e9ho v\u00fdskumu a v\u00fdvoja v oblasti te\u00f3rie a dej\u00edn kult\u00fary. Zabezpe\u010duje efekt\u00edvne prepojenie kvalitn\u00e9ho vzdel\u00e1vania, \u0161pi\u010dkov\u00e9ho v\u00fdskumu, dostupnos\u0165 informa\u010dn\u00fdch zdrojov, sie\u0165ovanie vedeck\u00fdch a v\u00fdskumn\u00fdch  pracov\u00edsk doma a v zahrani\u010d\u00ed, ako aj praktick\u00fa aplik\u00e1ciu IT n\u00e1strojov v r\u00e1mci \u0161irok\u00e9ho spektra v\u00fdskumnej a vedeckej \u010dinnosti centra.<\/p>\n<p style=\"text-align: justify;\">Projekt sa realizuje v spolupr\u00e1ci s \u010fal\u0161\u00edmi piatimi umenovedn\u00fdmi pracoviskami Slovenskej akad\u00e9mie vied: \u00dastav dej\u00edn umenia SAV, \u00dastav svetovej literat\u00fary SAV, \u00dastav hudobnej vedy SAV, \u00dastav divadelnej a filmovej vedy SAV, \u00dastav slovenskej literat\u00fary SAV a Slavistick\u00fd \u00fastav J\u00e1na Stanislava SAV.<\/p>\n<p style=\"text-align: justify;\">Projekt bude implementovan\u00fd prostredn\u00edctvom\u00a0 z\u00e1kladn\u00fdch aktiv\u00edt, pri\u010dom prv\u00e9 dve aktivity s\u00fa zameran\u00e9 na vznik a sprev\u00e1dzkovanie centra vr\u00e1tane jeho technick\u00e9ho zabezpe\u010denia, pr\u00edstrojovej infra\u0161trukt\u00fary, literat\u00fary a vytvorenie podmienok pre jeho prev\u00e1dzku v zmysle z\u00e1kladnej formul\u00e1cie strat\u00e9gie vedeck\u00e9ho, vzdel\u00e1vacieho a inova\u010dn\u00e9ho zamerania centra, ako aj komercionaliz\u00e1ciu aktiv\u00edt smerom k odberate\u013eskej praxi. \u010eal\u0161ie aktivity sa orientuj\u00fa na excelentn\u00fd v\u00fdskum v oblasti te\u00f3rie dej\u00edn kult\u00fary a disemin\u00e1ciu v\u00fdsledkov v\u00fdskumu v \u00fazkom previazan\u00ed na vzdel\u00e1vac\u00ed proces a skvalitnenie person\u00e1lnej z\u00e1kladne. Projekt a jeho v\u00fdsledky prispievaj\u00fa k prenosu novoz\u00edskan\u00fdch poznatkov do praxe.<\/p>\n","protected":false},"excerpt":{"rendered":"<p>Hlavn\u00fdm z\u00e1merom projektu Eur\u00f3pske dimenzie umeleckej kult\u00fary Slovenska je podpora excelentn\u00e9ho v\u00fdskumu v oblasti te\u00f3rie dej\u00edn kult\u00fary a umenia.\u00a0 \u00dastav dej\u00edn umenia SAV, ako \u017eiadate\u013e a hlavn\u00fd partner projektu, je \u0161pecializovan\u00fdm vedeck\u00fdm pracoviskom SAV, ktor\u00e9 sa orientuje na v\u00fdskum dej\u00edn a te\u00f3rie v\u00fdtvarnej kult\u00fary v dom\u00e1com a\u00a0 medzin\u00e1rodnom kontexte. Cie\u013eom projektu je vybudova\u0165 centrum excelentn\u00e9ho [&hellip;]<\/p>\n","protected":false},"author":1,"featured_media":0,"parent":0,"menu_order":0,"comment_status":"closed","ping_status":"open","template":"","meta":[],"_links":{"self":[{"href":"http:\/\/www.dejum.sav.sk\/eduks\/wp-json\/wp\/v2\/pages\/70"}],"collection":[{"href":"http:\/\/www.dejum.sav.sk\/eduks\/wp-json\/wp\/v2\/pages"}],"about":[{"href":"http:\/\/www.dejum.sav.sk\/eduks\/wp-json\/wp\/v2\/types\/page"}],"author":[{"embeddable":true,"href":"http:\/\/www.dejum.sav.sk\/eduks\/wp-json\/wp\/v2\/users\/1"}],"replies":[{"embeddable":true,"href":"http:\/\/www.dejum.sav.sk\/eduks\/wp-json\/wp\/v2\/comments?post=70"}],"version-history":[{"count":20,"href":"http:\/\/www.dejum.sav.sk\/eduks\/wp-json\/wp\/v2\/pages\/70\/revisions"}],"predecessor-version":[{"id":72,"href":"http:\/\/www.dejum.sav.sk\/eduks\/wp-json\/wp\/v2\/pages\/70\/revisions\/72"}],"wp:attachment":[{"href":"http:\/\/www.dejum.sav.sk\/eduks\/wp-json\/wp\/v2\/media?parent=70"}],"curies":[{"name":"wp","href":"https:\/\/api.w.org\/{rel}","templated":true}]}}