{"id":613,"date":"2011-09-30T15:09:59","date_gmt":"2011-09-30T15:09:59","guid":{"rendered":"http:\/\/www.dejum.sav.sk\/eduks\/?page_id=613"},"modified":"2024-03-27T09:38:43","modified_gmt":"2024-03-27T09:38:43","slug":"infrastruktura-a-zariadenia","status":"publish","type":"page","link":"http:\/\/www.dejum.sav.sk\/eduks\/infrastruktura-a-zariadenia\/","title":{"rendered":"INFRA\u0160TRUKT\u00daRA A ZARIADENIA"},"content":{"rendered":"<p>Modern\u00e1 pr\u00edstrojov\u00e1 a\u00a0technick\u00e1 infra\u0161trukt\u00fara centra je k\u013e\u00fa\u010dov\u00fdm predpokladom pre dosiahnutie a\u00a0udr\u017eanie medzin\u00e1rodnej \u00farovne bud\u00faceho v\u00fdskumu. Umo\u017e\u0148uje vznik funk\u010dn\u00fdch v\u00e4zieb medzi jednotliv\u00fdmi pracoviskami, zefekt\u00edvnenie vedecko-v\u00fdskumn\u00fdch a vzdel\u00e1vac\u00edch \u010dinnost\u00ed a prepojenie \u0161pi\u010dkov\u00e9ho v\u00fdskumu s\u00a0kvalitn\u00fdm vzdel\u00e1van\u00edm a inova\u010dn\u00fdmi aktivitami pod\u013ea vzoru centier excelentnosti v\u00a0zahrani\u010d\u00ed.<\/p>\n<ul>\n<li><strong>Centr\u00e1lna HW platforma: <\/strong>IBM BladeCenter<\/li>\n<li><strong>Syst\u00e9m pre podporu vedeck\u00e9ho v\u00fdskumu objektov v\u00a0elektronickej forme: <\/strong>Online datab\u00e1za vr\u00e1tane funkcionality digit\u00e1lneho arch\u00edvu<\/li>\n<li><strong>Skenovacie pracovisko: <\/strong>Skener Kodak<sup>\u00ae<\/sup> Creo IQsmart<sup>1<\/sup> (obslu\u017en\u00fd program Kodak<sup>\u00ae<\/sup> oXYgen LE , grafick\u00fd program CorelDRAW<sup>\u00ae<\/sup> Graphics Suite 12)<sup> <\/sup><\/li>\n<li><strong>Ve\u013ekoplo\u0161n\u00e9 skenovacie pracovisko: <\/strong>Skener Contex IQ 2400 (obslu\u017en\u00fd program Nextimage Wide Format Scanning + Copying 3.1.3, OCR program ABBYY FineReader 11)<\/li>\n<li><strong>Digitaliza\u010dn\u00e9 pracovisko mikrofilmov: <\/strong>Skener Image Data Microfilm ScanPro 2000 (obslu\u017en\u00fd program PowerScan 2000)<\/li>\n<li><strong>Videokonferen\u010dn\u00fd syst\u00e9m: <\/strong>MeetVideo<\/li>\n<\/ul>\n","protected":false},"excerpt":{"rendered":"<p>Modern\u00e1 pr\u00edstrojov\u00e1 a\u00a0technick\u00e1 infra\u0161trukt\u00fara centra je k\u013e\u00fa\u010dov\u00fdm predpokladom pre dosiahnutie a\u00a0udr\u017eanie medzin\u00e1rodnej \u00farovne bud\u00faceho v\u00fdskumu. Umo\u017e\u0148uje vznik funk\u010dn\u00fdch v\u00e4zieb medzi jednotliv\u00fdmi pracoviskami, zefekt\u00edvnenie vedecko-v\u00fdskumn\u00fdch a vzdel\u00e1vac\u00edch \u010dinnost\u00ed a prepojenie \u0161pi\u010dkov\u00e9ho v\u00fdskumu s\u00a0kvalitn\u00fdm vzdel\u00e1van\u00edm a inova\u010dn\u00fdmi aktivitami pod\u013ea vzoru centier excelentnosti v\u00a0zahrani\u010d\u00ed. Centr\u00e1lna HW platforma: IBM BladeCenter Syst\u00e9m pre podporu vedeck\u00e9ho v\u00fdskumu objektov v\u00a0elektronickej forme: Online [&hellip;]<\/p>\n","protected":false},"author":6,"featured_media":0,"parent":0,"menu_order":0,"comment_status":"closed","ping_status":"open","template":"","meta":[],"_links":{"self":[{"href":"http:\/\/www.dejum.sav.sk\/eduks\/wp-json\/wp\/v2\/pages\/613"}],"collection":[{"href":"http:\/\/www.dejum.sav.sk\/eduks\/wp-json\/wp\/v2\/pages"}],"about":[{"href":"http:\/\/www.dejum.sav.sk\/eduks\/wp-json\/wp\/v2\/types\/page"}],"author":[{"embeddable":true,"href":"http:\/\/www.dejum.sav.sk\/eduks\/wp-json\/wp\/v2\/users\/6"}],"replies":[{"embeddable":true,"href":"http:\/\/www.dejum.sav.sk\/eduks\/wp-json\/wp\/v2\/comments?post=613"}],"version-history":[{"count":4,"href":"http:\/\/www.dejum.sav.sk\/eduks\/wp-json\/wp\/v2\/pages\/613\/revisions"}],"predecessor-version":[{"id":1532,"href":"http:\/\/www.dejum.sav.sk\/eduks\/wp-json\/wp\/v2\/pages\/613\/revisions\/1532"}],"wp:attachment":[{"href":"http:\/\/www.dejum.sav.sk\/eduks\/wp-json\/wp\/v2\/media?parent=613"}],"curies":[{"name":"wp","href":"https:\/\/api.w.org\/{rel}","templated":true}]}}