{"id":494,"date":"2011-08-15T23:09:42","date_gmt":"2011-08-15T23:09:42","guid":{"rendered":"http:\/\/www.dejum.sav.sk\/eduks\/?page_id=494"},"modified":"2024-03-27T09:38:44","modified_gmt":"2024-03-27T09:38:44","slug":"zakladne-info-o-projekte","status":"publish","type":"page","link":"http:\/\/www.dejum.sav.sk\/eduks\/zakladne-info-o-projekte\/","title":{"rendered":"Z\u00c1KLADN\u00c9 INFO O PROJEKTE"},"content":{"rendered":"<p style=\"text-align: justify;\">Projekt Eur\u00f3pske dimenzie umeleckej kult\u00fary Slovenska bol schv\u00e1len\u00fd v r\u00e1mci v\u00fdzvy OPVaV-2009\/4.1\/03-SORO, vyhl\u00e1senej v r\u00e1mci Opera\u010dn\u00e9ho program V\u00fdskum a v\u00fdvoj, Prioritn\u00e1 os 4 &#8211; Podpora v\u00fdskumu a v\u00fdvoja v\u00a0BK, Opatrenie 4.1 Podpora siet\u00ed excelentn\u00fdch pracov\u00edsk v\u00fdskumu a v\u00fdvoja ako pilierov rozvoja regi\u00f3nu v Bratislavskom kraji. Projekt je financovan\u00fd z prostriedkov Eur\u00f3pskeho fondu region\u00e1lneho rozvoja, \u0161t\u00e1tneho rozpo\u010dtu SR a vlastn\u00fdch zdrojov \u017eiadate\u013ea.<\/p>\n<p><strong> <\/strong><\/p>\n<p><strong>N\u00e1zov projektu:<\/strong> Eur\u00f3pske dimenzie umeleckej kult\u00fary Slovenska<\/p>\n<p><strong>Realiz\u00e1tor projektu:<\/strong> \u00dastav dej\u00edn umenia Slovenskej akad\u00e9mie vied<\/p>\n<p><strong>K\u00f3d projektu: <\/strong>26240120035<\/p>\n<p><strong>Zdroj financovania:<\/strong> Eur\u00f3psky fond region\u00e1lneho rozvoja, \u0161t\u00e1tny rozpo\u010det a\u00a0vlastn\u00e9 zdroje \u017eiadate\u013ea<\/p>\n<p><strong>Term\u00edn realiz\u00e1cie projektu: <\/strong>12\/2010 &#8211; 03\/2015<\/p>\n<p><strong>Miesto realiz\u00e1cie projektu: <\/strong>Bratislavsk\u00fd kraj<strong> <\/strong><\/p>\n<p><strong>Celkov\u00e9 n\u00e1klady na projekt: <\/strong>3\u00a0226\u00a0817,23 Eur<\/p>\n<p><strong>Web str\u00e1nka projektu: <\/strong><a href=\"..\/\">http:\/\/www.dejum.sav.sk\/eduks\/<\/a><\/p>\n","protected":false},"excerpt":{"rendered":"<p>Projekt Eur\u00f3pske dimenzie umeleckej kult\u00fary Slovenska bol schv\u00e1len\u00fd v r\u00e1mci v\u00fdzvy OPVaV-2009\/4.1\/03-SORO, vyhl\u00e1senej v r\u00e1mci Opera\u010dn\u00e9ho program V\u00fdskum a v\u00fdvoj, Prioritn\u00e1 os 4 &#8211; Podpora v\u00fdskumu a v\u00fdvoja v\u00a0BK, Opatrenie 4.1 Podpora siet\u00ed excelentn\u00fdch pracov\u00edsk v\u00fdskumu a v\u00fdvoja ako pilierov rozvoja regi\u00f3nu v Bratislavskom kraji. Projekt je financovan\u00fd z prostriedkov Eur\u00f3pskeho fondu region\u00e1lneho rozvoja, \u0161t\u00e1tneho [&hellip;]<\/p>\n","protected":false},"author":6,"featured_media":0,"parent":0,"menu_order":0,"comment_status":"closed","ping_status":"open","template":"","meta":[],"_links":{"self":[{"href":"http:\/\/www.dejum.sav.sk\/eduks\/wp-json\/wp\/v2\/pages\/494"}],"collection":[{"href":"http:\/\/www.dejum.sav.sk\/eduks\/wp-json\/wp\/v2\/pages"}],"about":[{"href":"http:\/\/www.dejum.sav.sk\/eduks\/wp-json\/wp\/v2\/types\/page"}],"author":[{"embeddable":true,"href":"http:\/\/www.dejum.sav.sk\/eduks\/wp-json\/wp\/v2\/users\/6"}],"replies":[{"embeddable":true,"href":"http:\/\/www.dejum.sav.sk\/eduks\/wp-json\/wp\/v2\/comments?post=494"}],"version-history":[{"count":8,"href":"http:\/\/www.dejum.sav.sk\/eduks\/wp-json\/wp\/v2\/pages\/494\/revisions"}],"predecessor-version":[{"id":1551,"href":"http:\/\/www.dejum.sav.sk\/eduks\/wp-json\/wp\/v2\/pages\/494\/revisions\/1551"}],"wp:attachment":[{"href":"http:\/\/www.dejum.sav.sk\/eduks\/wp-json\/wp\/v2\/media?parent=494"}],"curies":[{"name":"wp","href":"https:\/\/api.w.org\/{rel}","templated":true}]}}