{"id":406,"date":"2011-07-26T15:19:23","date_gmt":"2011-07-26T15:19:23","guid":{"rendered":"http:\/\/www.dejum.sav.sk\/eduks\/?page_id=406"},"modified":"2024-03-27T09:38:43","modified_gmt":"2024-03-27T09:38:43","slug":"meratelne-ukazovatele","status":"publish","type":"page","link":"http:\/\/www.dejum.sav.sk\/eduks\/meratelne-ukazovatele\/","title":{"rendered":"MERATE\u013dN\u00c9 UKAZOVATELE"},"content":{"rendered":"<p><span style=\"text-decoration: underline;\"><strong>MERATE\u013dN\u00c9 UKAZOVATELE PROJEKTU<\/strong><\/span><\/p>\n<p><strong>Stav naplnenia k 31. 3. 2015<\/strong><br \/>\n<strong> <\/strong><\/p>\n<p><strong>N\u00e1zov indik\u00e1tora <\/strong><\/p>\n<ul>\n<li><strong>Po\u010det pr\u00e1c publikovan\u00fdch v nerecenzovan\u00fdch vedeck\u00fdch periodik\u00e1ch a  zborn\u00edkoch<\/strong><\/li>\n<li>33, 16 &#8211; 106, 97 %<\/li>\n<li><strong>Po\u010det publik\u00e1ci\u00ed v nekarentovan\u00fdch \u010dasopisoch<\/strong><\/li>\n<li>29, 5 &#8211; 105, 36 %<\/li>\n<li><strong>Po\u010det v\u00fdmenn\u00fdch programov medzi slovensk\u00fdmi a svetov\u00fdmi v\u00fdskumn\u00fdmi a  v\u00fdvojov\u00fdmi organiz\u00e1ciami<\/strong><\/li>\n<li>2 &#8211; 66, 67 %<\/li>\n<li><strong>V\u00fdskumn\u00edci do 35 rokov vlastnej organiz\u00e1cie a partnerov, ktor\u00ed  vyu\u017e\u00edvaj\u00fa poskytnut\u00fa podporu &#8211; mu\u017ei <\/strong><\/li>\n<li>4 &#8211; 66, 67 %<\/li>\n<li><strong>V\u00fdskumn\u00edci do 35 rokov vlastnej organiz\u00e1cie a partnerov, ktor\u00ed  vyu\u017e\u00edvaj\u00fa poskytnut\u00fa podporu &#8211; \u017eeny <\/strong><\/li>\n<li>8 &#8211; 100 %<\/li>\n<li><strong>\u0160tudenti doktorandsk\u00e9ho \u0161t\u00fadia vlastnej organiz\u00e1cie a partnerov v  projekte, ktor\u00ed vyu\u017e\u00edvaj\u00fa poskytnut\u00fa podporu mu\u017ei<\/strong><\/li>\n<li>5 &#8211; 100%<\/li>\n<li><strong>\u0160tudenti doktorandsk\u00e9ho \u0161t\u00fadia vlastnej organiz\u00e1cie a partnerov v  projekte, ktor\u00ed vyu\u017e\u00edvaj\u00fa poskytnut\u00fa podporu \u017eeny<\/strong><\/li>\n<li>7 &#8211; 100 %<\/li>\n<li><strong>Po\u010det projektov spolo\u010dn\u00e9ho v\u00fdskumu slovensk\u00fdch a svetov\u00fdch  v\u00fdskumn\u00fdch a v\u00fdvojov\u00fdch organiz\u00e1ci\u00ed<\/strong><\/li>\n<li>3 &#8211; 100 %<\/li>\n<li><strong>Objem finan\u010dn\u00fdch prostriedkov poskytnut\u00fdch na projekty venovan\u00e9 problematike \u017eivotn\u00e9ho prostredia<\/strong><\/li>\n<li>315 075,00 EUR &#8211; 100 %<\/li>\n<li><strong>Po\u010det projektov podporuj\u00facich v\u00fdskum a v\u00fdvoj v oblasti IKT<\/strong><\/li>\n<li>1 &#8211; 100 %<\/li>\n<li><strong>Po\u010det publik\u00e1ci\u00ed venovan\u00fdch problematike marginalizovan\u00fdch r\u00f3mskych komun\u00edt v odborn\u00fdch \u010dasopisoch<\/strong><\/li>\n<li>1 &#8211; 100 %<\/li>\n<\/ul>\n<p>&nbsp;<\/p>\n","protected":false},"excerpt":{"rendered":"<p>MERATE\u013dN\u00c9 UKAZOVATELE PROJEKTU Stav naplnenia k 31. 3. 2015 N\u00e1zov indik\u00e1tora Po\u010det pr\u00e1c publikovan\u00fdch v nerecenzovan\u00fdch vedeck\u00fdch periodik\u00e1ch a zborn\u00edkoch 33, 16 &#8211; 106, 97 % Po\u010det publik\u00e1ci\u00ed v nekarentovan\u00fdch \u010dasopisoch 29, 5 &#8211; 105, 36 % Po\u010det v\u00fdmenn\u00fdch programov medzi slovensk\u00fdmi a svetov\u00fdmi v\u00fdskumn\u00fdmi a v\u00fdvojov\u00fdmi organiz\u00e1ciami 2 &#8211; 66, 67 % V\u00fdskumn\u00edci do [&hellip;]<\/p>\n","protected":false},"author":6,"featured_media":0,"parent":0,"menu_order":0,"comment_status":"closed","ping_status":"open","template":"","meta":[],"_links":{"self":[{"href":"http:\/\/www.dejum.sav.sk\/eduks\/wp-json\/wp\/v2\/pages\/406"}],"collection":[{"href":"http:\/\/www.dejum.sav.sk\/eduks\/wp-json\/wp\/v2\/pages"}],"about":[{"href":"http:\/\/www.dejum.sav.sk\/eduks\/wp-json\/wp\/v2\/types\/page"}],"author":[{"embeddable":true,"href":"http:\/\/www.dejum.sav.sk\/eduks\/wp-json\/wp\/v2\/users\/6"}],"replies":[{"embeddable":true,"href":"http:\/\/www.dejum.sav.sk\/eduks\/wp-json\/wp\/v2\/comments?post=406"}],"version-history":[{"count":11,"href":"http:\/\/www.dejum.sav.sk\/eduks\/wp-json\/wp\/v2\/pages\/406\/revisions"}],"predecessor-version":[{"id":418,"href":"http:\/\/www.dejum.sav.sk\/eduks\/wp-json\/wp\/v2\/pages\/406\/revisions\/418"}],"wp:attachment":[{"href":"http:\/\/www.dejum.sav.sk\/eduks\/wp-json\/wp\/v2\/media?parent=406"}],"curies":[{"name":"wp","href":"https:\/\/api.w.org\/{rel}","templated":true}]}}