{"id":403,"date":"2011-07-26T15:17:26","date_gmt":"2011-07-26T15:17:26","guid":{"rendered":"http:\/\/www.dejum.sav.sk\/eduks\/?page_id=403"},"modified":"2024-03-27T09:38:43","modified_gmt":"2024-03-27T09:38:43","slug":"zmluvy","status":"publish","type":"page","link":"http:\/\/www.dejum.sav.sk\/eduks\/zmluvy\/","title":{"rendered":"NEN\u00c1VRATN\u00dd FINAN\u010cN\u00dd PR\u00cdSPEVOK &#8211; ZMLUVY A DODATKY"},"content":{"rendered":"<p><a href=\"http:\/\/www.crz.gov.sk\/index.php?ID=122934\">CENTR\u00c1LNY REGISTER ZML\u00daV &#8211; ZMLUVY UZATVOREN\u00c9 V R\u00c1MCI PROJEKTU EDUKS<\/a><\/p>\n","protected":false},"excerpt":{"rendered":"<p>CENTR\u00c1LNY REGISTER ZML\u00daV &#8211; ZMLUVY UZATVOREN\u00c9 V R\u00c1MCI PROJEKTU EDUKS<\/p>\n","protected":false},"author":6,"featured_media":0,"parent":0,"menu_order":0,"comment_status":"closed","ping_status":"open","template":"","meta":[],"_links":{"self":[{"href":"http:\/\/www.dejum.sav.sk\/eduks\/wp-json\/wp\/v2\/pages\/403"}],"collection":[{"href":"http:\/\/www.dejum.sav.sk\/eduks\/wp-json\/wp\/v2\/pages"}],"about":[{"href":"http:\/\/www.dejum.sav.sk\/eduks\/wp-json\/wp\/v2\/types\/page"}],"author":[{"embeddable":true,"href":"http:\/\/www.dejum.sav.sk\/eduks\/wp-json\/wp\/v2\/users\/6"}],"replies":[{"embeddable":true,"href":"http:\/\/www.dejum.sav.sk\/eduks\/wp-json\/wp\/v2\/comments?post=403"}],"version-history":[{"count":8,"href":"http:\/\/www.dejum.sav.sk\/eduks\/wp-json\/wp\/v2\/pages\/403\/revisions"}],"predecessor-version":[{"id":1536,"href":"http:\/\/www.dejum.sav.sk\/eduks\/wp-json\/wp\/v2\/pages\/403\/revisions\/1536"}],"wp:attachment":[{"href":"http:\/\/www.dejum.sav.sk\/eduks\/wp-json\/wp\/v2\/media?parent=403"}],"curies":[{"name":"wp","href":"https:\/\/api.w.org\/{rel}","templated":true}]}}