{"id":400,"date":"2011-07-26T15:16:33","date_gmt":"2011-07-26T15:16:33","guid":{"rendered":"http:\/\/www.dejum.sav.sk\/eduks\/?page_id=400"},"modified":"2024-03-27T09:38:53","modified_gmt":"2024-03-27T09:38:53","slug":"zapisnice","status":"publish","type":"page","link":"http:\/\/www.dejum.sav.sk\/eduks\/zapisnice\/","title":{"rendered":"Z\u00c1PISNICE"},"content":{"rendered":"<p><strong>Z\u00c1PISY Z PRACOVN\u00ddCH STRETNUT\u00cd V ROKU 2014<\/strong><\/p>\n<p><a href=\"http:\/\/www.dejum.sav.sk\/eduks\/wp-content\/uploads\/2011\/07\/zapisnica-140120142.pdf\">Z\u00e1pis zo stretnutia &#8211; 14. 01. 2014<\/a><\/p>\n<p><a href=\"http:\/\/www.dejum.sav.sk\/eduks\/wp-content\/uploads\/2011\/07\/zapisnica_040220141.pdf\">Z\u00e1pis zo stretnutia &#8211; 04. 02. 2014<\/a><\/p>\n<p><a href=\"http:\/\/www.dejum.sav.sk\/eduks\/wp-content\/uploads\/2011\/07\/zapisnica-04032014.pdf\">Z\u00e1pis zo stretnutia &#8211; 04. 03. 2014<\/a><a href=\"http:\/\/www.dejum.sav.sk\/eduks\/wp-content\/uploads\/2011\/07\/zapisnica_08042014.pdf\"><\/a><\/p>\n<p><a href=\"http:\/\/www.dejum.sav.sk\/eduks\/wp-content\/uploads\/2011\/07\/zapisnica_08042014.pdf\">Z\u00e1pis zo stretnutia &#8211; 08. 04. 2014<\/a><\/p>\n<p><a href=\"http:\/\/www.dejum.sav.sk\/eduks\/wp-content\/uploads\/2011\/07\/Deklar\u00e1cia-CVUK.pdf\">Pr\u00edloha k z\u00e1pisu &#8211; Deklar\u00e1cia CVUK<\/a><\/p>\n<p><a href=\"http:\/\/www.dejum.sav.sk\/eduks\/wp-content\/uploads\/2011\/07\/zapisnica-17062014.pdf\">Z\u00e1pis zo stretnutia &#8211; 17. 06. 2014<\/a><\/p>\n<p><a href=\"http:\/\/www.dejum.sav.sk\/eduks\/wp-content\/uploads\/2011\/07\/zapisnica-07102014.pdf\">Z\u00e1pis zo stretnutia &#8211; 07. 10. 2014<\/a><\/p>\n<p><a href=\"http:\/\/www.dejum.sav.sk\/eduks\/wp-content\/uploads\/2011\/07\/zapisnica-28102014.pdf\">Z\u00e1pis zo stretnutia &#8211; 28. 10. 2014<\/a><\/p>\n<p><a href=\"http:\/\/www.dejum.sav.sk\/eduks\/wp-content\/uploads\/2011\/07\/zapisnica-09122014.pdf\">Z\u00e1pis zo stretnutia &#8211; 09. 12. 2014<\/a><\/p>\n<p><strong>Z\u00c1PISY Z PRACOVN\u00ddCH STRETNUT\u00cd V ROKU 2013<\/strong><\/p>\n<p><a href=\"http:\/\/www.dejum.sav.sk\/eduks\/wp-content\/uploads\/2013\/01\/zapisnica-08012013.doc\">Z\u00e1pis zo stretnutia &#8211; 08. 01. 2013<\/a><\/p>\n<p><a href=\"http:\/\/www.dejum.sav.sk\/eduks\/wp-content\/uploads\/2011\/07\/zapisnica-05022013-2.doc\">Z\u00e1pis zo stretnutia &#8211; 05. 02. 2013<\/a><\/p>\n<p><a href=\"http:\/\/www.dejum.sav.sk\/eduks\/wp-content\/uploads\/2011\/07\/priloha-1-Projektovy-plan2.gif\"><img decoding=\"async\" loading=\"lazy\" class=\"size-thumbnail wp-image-1083 alignleft\" title=\"Pr\u00edloha 1 - projektov\u00fd pl\u00e1n\" src=\"http:\/\/www.dejum.sav.sk\/eduks\/wp-content\/uploads\/2011\/07\/priloha-1-Projektovy-plan2-150x150.gif\" alt=\"\" width=\"150\" height=\"150\" \/><\/a><\/p>\n<p>&nbsp;<\/p>\n<p>&nbsp;<\/p>\n<p>&nbsp;<\/p>\n<p>&nbsp;<\/p>\n<p>&nbsp;<\/p>\n<p><a href=\"http:\/\/www.dejum.sav.sk\/eduks\/wp-content\/uploads\/2011\/07\/priloha-2-dotaznik.doc\"><span style=\"color: #000000;\">Pr\u00edloha 2 &#8211; dotaz<\/span><\/a><span style=\"color: #000000;\">n\u00edk<\/span><\/p>\n<p><a href=\"http:\/\/www.dejum.sav.sk\/eduks\/wp-content\/uploads\/2011\/07\/priloha-3-pokyny-pre-prispievatelov.doc\">Pr\u00edloha 3 &#8211; pokyny pre prispievate\u013eov<\/a><\/p>\n<p><a href=\"http:\/\/www.dejum.sav.sk\/eduks\/wp-content\/uploads\/2011\/07\/zapisnica-050320131.pdf\"><span style=\"color: #000000;\">Z\u00e1pis zo stretnutia &#8211; 05. 03. 2013<\/span><\/a><\/p>\n<p><a href=\"http:\/\/www.dejum.sav.sk\/eduks\/wp-content\/uploads\/2011\/07\/zapisnica-090420133.pdf\"><span style=\"color: #000000;\">Z\u00e1pis zo stretnutia &#8211; 09. 04. 2013<\/span><\/a><\/p>\n<p><span style=\"color: #000000;\"><a href=\"http:\/\/www.dejum.sav.sk\/eduks\/wp-content\/uploads\/2011\/07\/zapisnica-070520131.pdf\">Z\u00e1pis zo stretnutia &#8211; 07. 05. 2013<\/a><\/span><\/p>\n<p><span style=\"color: #000000;\"><a href=\"http:\/\/www.dejum.sav.sk\/eduks\/wp-content\/uploads\/2011\/07\/zapisnica-04062013.pdf\">Z\u00e1pis zo stretnutia &#8211; 04. 06. 2013<\/a><\/span><\/p>\n<p><span style=\"color: #000000;\"><a href=\"http:\/\/www.dejum.sav.sk\/eduks\/wp-content\/uploads\/2011\/07\/zapisnica_06082013.pdf\">Z\u00e1pis zo stretnutia &#8211; 06. 08. 2013<\/a><\/span><\/p>\n<p><span style=\"color: #000000;\"><a href=\"http:\/\/www.dejum.sav.sk\/eduks\/wp-content\/uploads\/2011\/07\/zapisnica_030920131.pdf\">Z\u00e1pis zo stretnutia &#8211; 03. 09. 2013<\/a><\/span><\/p>\n<p><span style=\"color: #000000;\"><a href=\"http:\/\/www.dejum.sav.sk\/eduks\/wp-content\/uploads\/2011\/07\/zapisnica_08102013.pdf\">Z\u00e1pis zo stretnutia &#8211; 08. 10. 2013<\/a><\/span><\/p>\n<p><span style=\"color: #000000;\"><a href=\"http:\/\/www.dejum.sav.sk\/eduks\/wp-content\/uploads\/2011\/07\/zapisnica-05112013.pdf\">Z\u00e1pis zo stretnutia &#8211; 05. 11. 2013<\/a><\/span><\/p>\n<p><span style=\"color: #000000;\"><a href=\"http:\/\/www.dejum.sav.sk\/eduks\/wp-content\/uploads\/2011\/07\/zapisnica-03122013.pdf\">Z\u00e1pis zo stretnutia &#8211; 03. 12. 2013<\/a><br \/>\n<\/span><\/p>\n<p><strong style=\"cursor: pointer;\" onclick=\"$('#zapisnice2012').toggle()\">Z\u00c1PISY Z PRACOVN\u00ddCH STRETNUT\u00cd V ROKU 2012<\/strong><\/p>\n<div id=\"zapisnice2012\" style=\"display: none;\">\n<p><a href=\"http:\/\/www.dejum.sav.sk\/eduks\/wp-content\/uploads\/2012\/05\/Zapisnica-10012012.doc\">Z\u00e1pis zo stretnutia &#8211; 10.01.2012<\/a><\/p>\n<p><a href=\"http:\/\/www.dejum.sav.sk\/eduks\/wp-content\/uploads\/2012\/05\/Zapisnica-07022012.doc\">Z\u00e1pis zo stretnutia &#8211; 07.02.2012<\/a><\/p>\n<p><a href=\"http:\/\/www.dejum.sav.sk\/eduks\/wp-content\/uploads\/2012\/05\/Zapisnica-06032012.doc\">Z\u00e1pis zo stretnutia &#8211; 06.03.2012<\/a><\/p>\n<p><a href=\"http:\/\/www.dejum.sav.sk\/eduks\/wp-content\/uploads\/2012\/05\/Zapisnica-0304201.doc\">Z\u00e1pis zo stretnutia &#8211; 03.04.2012<\/a><\/p>\n<p><a href=\"http:\/\/www.dejum.sav.sk\/eduks\/wp-content\/uploads\/2012\/06\/Zapisnica-0506201.doc\">Z\u00e1pis zo stretnutia &#8211; 05.06.2012<\/a><\/p>\n<p><a href=\"http:\/\/www.dejum.sav.sk\/eduks\/wp-content\/uploads\/2012\/08\/Zapisnica-17072012.doc\">Z\u00e1pis zo stretnutia &#8211; 17.07.2012<\/a><\/p>\n<p><a href=\"http:\/\/www.dejum.sav.sk\/eduks\/zapisnice\/zapisnica-07082012\/\">Z\u00e1pis zo stretnutia &#8211; 07.08.2012<\/a><\/p>\n<p><a href=\"http:\/\/www.dejum.sav.sk\/eduks\/wp-content\/uploads\/2012\/10\/Zapisnica_11092012.zip\">Z\u00e1pis zo stretnutia &#8211; 11.09.2012<\/a><\/p>\n<p><a href=\"http:\/\/www.dejum.sav.sk\/eduks\/wp-content\/uploads\/2013\/01\/Zapisnica-02102012.doc\">Z\u00e1pis zo stretnutia &#8211; 02.10.2012<\/a><\/p>\n<p><a href=\"http:\/\/www.dejum.sav.sk\/eduks\/wp-content\/uploads\/2013\/01\/zapisnica-06112012.doc\">Z\u00e1pis zo stretnutia &#8211; 06.11.2012<\/a><\/p>\n<\/div>\n<p><strong style=\"cursor: pointer;\" onclick=\"$('#zapisnice2011').toggle()\">Z\u00c1PISY Z PRACOVN\u00ddCH STRETNUT\u00cd V ROKU 2011<\/strong><\/p>\n<div id=\"zapisnice2011\" style=\"display: none;\">\n<p><a href=\"http:\/\/www.dejum.sav.sk\/eduks\/wp-content\/uploads\/2011\/07\/zapis010220111.doc\">Z\u00e1pis zo stretnutia &#8211; 01.02.2011<\/a><\/p>\n<p><a href=\"http:\/\/www.dejum.sav.sk\/eduks\/wp-content\/uploads\/2011\/07\/zapis220220112.doc\"> Z\u00e1pis zo stretnutia &#8211; 22.02.2011<\/a><\/p>\n<p><a href=\"http:\/\/www.dejum.sav.sk\/eduks\/wp-content\/uploads\/2011\/07\/zapis050420111.doc\">Z\u00e1pis zo stretnutia &#8211; 05.04.2011<\/a><\/p>\n<p><a href=\"http:\/\/www.dejum.sav.sk\/eduks\/wp-content\/uploads\/2011\/07\/zapis030520111.doc\">Z\u00e1pis zo stretnutia &#8211; 03.05.2011<\/a><\/p>\n<p><a href=\"http:\/\/www.dejum.sav.sk\/eduks\/wp-content\/uploads\/2011\/07\/z\u00e1pis-070620111.doc\">Z\u00e1pis zo stretnutia &#8211; 07.06.2011<\/a><\/p>\n<p><a href=\"http:\/\/www.dejum.sav.sk\/eduks\/wp-content\/uploads\/2011\/07\/z\u00e1pis-190720111.doc\">Z\u00e1pis zo stretnutia &#8211; 19.07.2011<\/a><\/p>\n<p><a href=\"http:\/\/www.dejum.sav.sk\/eduks\/wp-content\/uploads\/2011\/07\/z\u00e1pis-060920111.doc\">Z\u00e1pis zo stretnutia &#8211; 06.09.2011<\/a><\/p>\n<p><a href=\"http:\/\/www.dejum.sav.sk\/eduks\/wp-content\/uploads\/2011\/07\/zapis-04102011.doc\">Z\u00e1pis zo stretnutia &#8211; 04.10.2011<\/a><\/p>\n<p><a href=\"http:\/\/www.dejum.sav.sk\/eduks\/wp-content\/uploads\/2011\/07\/zapis-08112011.doc\">Z\u00e1pis zo stretnutia &#8211; 08.11.2011<\/a><\/p>\n<p><a href=\"http:\/\/www.dejum.sav.sk\/eduks\/wp-content\/uploads\/2011\/07\/Z\u00e1pis-16112011-11.doc\">Z\u00e1pis zo stretnutia &#8211; 16.11.2011<\/a><\/p>\n<p><a href=\"http:\/\/www.dejum.sav.sk\/eduks\/wp-content\/uploads\/2011\/07\/zapis-06122011i.doc\">Z\u00e1pis zo stretnutia &#8211; 06.12.2011<\/a><\/p>\n<\/div>\n","protected":false},"excerpt":{"rendered":"<p>Z\u00c1PISY Z PRACOVN\u00ddCH STRETNUT\u00cd V ROKU 2014 Z\u00e1pis zo stretnutia &#8211; 14. 01. 2014 Z\u00e1pis zo stretnutia &#8211; 04. 02. 2014 Z\u00e1pis zo stretnutia &#8211; 04. 03. 2014 Z\u00e1pis zo stretnutia &#8211; 08. 04. 2014 Pr\u00edloha k z\u00e1pisu &#8211; Deklar\u00e1cia CVUK Z\u00e1pis zo stretnutia &#8211; 17. 06. 2014 Z\u00e1pis zo stretnutia &#8211; 07. 10. 2014 [&hellip;]<\/p>\n","protected":false},"author":6,"featured_media":1083,"parent":0,"menu_order":0,"comment_status":"closed","ping_status":"open","template":"","meta":[],"_links":{"self":[{"href":"http:\/\/www.dejum.sav.sk\/eduks\/wp-json\/wp\/v2\/pages\/400"}],"collection":[{"href":"http:\/\/www.dejum.sav.sk\/eduks\/wp-json\/wp\/v2\/pages"}],"about":[{"href":"http:\/\/www.dejum.sav.sk\/eduks\/wp-json\/wp\/v2\/types\/page"}],"author":[{"embeddable":true,"href":"http:\/\/www.dejum.sav.sk\/eduks\/wp-json\/wp\/v2\/users\/6"}],"replies":[{"embeddable":true,"href":"http:\/\/www.dejum.sav.sk\/eduks\/wp-json\/wp\/v2\/comments?post=400"}],"version-history":[{"count":75,"href":"http:\/\/www.dejum.sav.sk\/eduks\/wp-json\/wp\/v2\/pages\/400\/revisions"}],"predecessor-version":[{"id":608,"href":"http:\/\/www.dejum.sav.sk\/eduks\/wp-json\/wp\/v2\/pages\/400\/revisions\/608"}],"wp:featuredmedia":[{"embeddable":true,"href":"http:\/\/www.dejum.sav.sk\/eduks\/wp-json\/wp\/v2\/media\/1083"}],"wp:attachment":[{"href":"http:\/\/www.dejum.sav.sk\/eduks\/wp-json\/wp\/v2\/media?parent=400"}],"curies":[{"name":"wp","href":"https:\/\/api.w.org\/{rel}","templated":true}]}}