{"id":397,"date":"2011-07-26T15:15:48","date_gmt":"2011-07-26T15:15:48","guid":{"rendered":"http:\/\/www.dejum.sav.sk\/eduks\/?page_id=397"},"modified":"2024-03-27T09:38:43","modified_gmt":"2024-03-27T09:38:43","slug":"monitorovacie-spravy","status":"publish","type":"page","link":"http:\/\/www.dejum.sav.sk\/eduks\/monitorovacie-spravy\/","title":{"rendered":"MONITOROVACIE SPR\u00c1VY"},"content":{"rendered":"<p><a href=\"http:\/\/www.dejum.sav.sk\/eduks\/wp-content\/uploads\/2011\/07\/ms-13.pdf\">Monitorovacia sprava \u010d. 1<\/a><\/p>\n<p><a href=\"http:\/\/www.dejum.sav.sk\/eduks\/wp-content\/uploads\/2011\/07\/ms-21.pdf\">Monitorovacia spr\u00e1va \u010d. 2<\/a><\/p>\n<p><a href=\"http:\/\/www.dejum.sav.sk\/eduks\/wp-content\/uploads\/2011\/07\/Priloha_1_MS_januar_2011.doc\">Pr\u00edloha k MS \u010d. 2<\/a><\/p>\n<p><a href=\"http:\/\/www.dejum.sav.sk\/eduks\/wp-content\/uploads\/2011\/07\/MS-31.pdf\"><\/a><a href=\"http:\/\/www.dejum.sav.sk\/eduks\/wp-content\/uploads\/2011\/07\/MS-32.pdf\">Monitorovacia spr\u00e1va \u010d. 3<\/a><\/p>\n<p><a href=\"http:\/\/www.dejum.sav.sk\/eduks\/wp-content\/uploads\/2011\/07\/Priloha_1_MS_april_2011.doc\">Pr\u00edloha k MS \u010d. 3<\/a><\/p>\n<p><a href=\"http:\/\/www.dejum.sav.sk\/eduks\/wp-content\/uploads\/2011\/07\/report.pdf\">Monitorovacia spr\u00e1va \u010d. 4<\/a><\/p>\n<p><a href=\"http:\/\/www.dejum.sav.sk\/eduks\/wp-content\/uploads\/2011\/07\/Pr\u00edloha-original-k-MS-\u010d.4.rtf\">Pr\u00edloha k MS \u010d. 4<\/a><\/p>\n<p><a href=\"http:\/\/www.dejum.sav.sk\/eduks\/wp-content\/uploads\/2012\/10\/Monitorovacia_sprava_c.5.zip\">Monitorovacia spr\u00e1va \u010d. 5<\/a><\/p>\n<p><a href=\"http:\/\/www.dejum.sav.sk\/eduks\/wp-content\/uploads\/2013\/01\/Monitorovacia_sprava_c6.zip\">Monitorovacia spr\u00e1va \u010d. 6<\/a><\/p>\n<p><a href=\"http:\/\/www.dejum.sav.sk\/eduks\/wp-content\/uploads\/2011\/07\/MS-7-.pdf\"><span style=\"color: #000000;\">Monitorovacia spr\u00e1va \u010d. 7<\/span><\/a><\/p>\n<p><a href=\"http:\/\/www.dejum.sav.sk\/eduks\/wp-content\/uploads\/2011\/07\/Pr\u00edloha-k-MS-71.pdf\">Pr\u00edloha k MS \u010d. 7<\/a><\/p>\n<p><a href=\"http:\/\/www.dejum.sav.sk\/eduks\/wp-content\/uploads\/2011\/07\/MS_8_SAV.pdf\">Monitorovacia spr\u00e1va \u010d. 8<\/a><\/p>\n<p><a href=\"http:\/\/www.dejum.sav.sk\/eduks\/wp-content\/uploads\/2011\/07\/Priloha-k-MS-8.pdf\">Pr\u00edloha k MS \u010d. 8<\/a><a href=\"http:\/\/www.dejum.sav.sk\/eduks\/wp-content\/uploads\/2011\/07\/MS_EDUKS_OPRAVA_2.pdf\"><\/a><\/p>\n<p><a href=\"http:\/\/www.dejum.sav.sk\/eduks\/wp-content\/uploads\/2011\/07\/MS_EDUKS_OPRAVA_2.pdf\">Monitorovacia spr\u00e1va \u010d. 9<\/a><\/p>\n<p><a href=\"http:\/\/www.dejum.sav.sk\/eduks\/wp-content\/uploads\/2011\/07\/MS-10.pdf\">Monitorovacia spr\u00e1va \u010d. 10<\/a><\/p>\n<p><a href=\"http:\/\/www.dejum.sav.sk\/eduks\/wp-content\/uploads\/2011\/07\/Priloha-k-MS-10.pdf\">Priloha k MS \u010d. 10<\/a><\/p>\n<p><a href=\"http:\/\/www.dejum.sav.sk\/eduks\/wp-content\/uploads\/2011\/07\/MS_SAV_11_final.pdf\">Monitorovacia spr\u00e1va \u010d. 11 &#8211; Z\u00e1vere\u010dn\u00e1<\/a><\/p>\n<p><a href=\"http:\/\/www.dejum.sav.sk\/eduks\/wp-content\/uploads\/2011\/07\/11_MS_EDUKS_FINAL_Pr\u00edloha_M\u00c1J_2015_FINAL.pdf\">Pr\u00edloha k MS \u010d. 11<\/a><\/p>\n","protected":false},"excerpt":{"rendered":"<p>Monitorovacia sprava \u010d. 1 Monitorovacia spr\u00e1va \u010d. 2 Pr\u00edloha k MS \u010d. 2 Monitorovacia spr\u00e1va \u010d. 3 Pr\u00edloha k MS \u010d. 3 Monitorovacia spr\u00e1va \u010d. 4 Pr\u00edloha k MS \u010d. 4 Monitorovacia spr\u00e1va \u010d. 5 Monitorovacia spr\u00e1va \u010d. 6 Monitorovacia spr\u00e1va \u010d. 7 Pr\u00edloha k MS \u010d. 7 Monitorovacia spr\u00e1va \u010d. 8 Pr\u00edloha k MS [&hellip;]<\/p>\n","protected":false},"author":6,"featured_media":0,"parent":0,"menu_order":0,"comment_status":"closed","ping_status":"open","template":"","meta":[],"_links":{"self":[{"href":"http:\/\/www.dejum.sav.sk\/eduks\/wp-json\/wp\/v2\/pages\/397"}],"collection":[{"href":"http:\/\/www.dejum.sav.sk\/eduks\/wp-json\/wp\/v2\/pages"}],"about":[{"href":"http:\/\/www.dejum.sav.sk\/eduks\/wp-json\/wp\/v2\/types\/page"}],"author":[{"embeddable":true,"href":"http:\/\/www.dejum.sav.sk\/eduks\/wp-json\/wp\/v2\/users\/6"}],"replies":[{"embeddable":true,"href":"http:\/\/www.dejum.sav.sk\/eduks\/wp-json\/wp\/v2\/comments?post=397"}],"version-history":[{"count":39,"href":"http:\/\/www.dejum.sav.sk\/eduks\/wp-json\/wp\/v2\/pages\/397\/revisions"}],"predecessor-version":[{"id":1535,"href":"http:\/\/www.dejum.sav.sk\/eduks\/wp-json\/wp\/v2\/pages\/397\/revisions\/1535"}],"wp:attachment":[{"href":"http:\/\/www.dejum.sav.sk\/eduks\/wp-json\/wp\/v2\/media?parent=397"}],"curies":[{"name":"wp","href":"https:\/\/api.w.org\/{rel}","templated":true}]}}