{"id":394,"date":"2011-07-26T15:14:48","date_gmt":"2011-07-26T15:14:48","guid":{"rendered":"http:\/\/www.dejum.sav.sk\/eduks\/?page_id=394"},"modified":"2024-03-27T09:38:44","modified_gmt":"2024-03-27T09:38:44","slug":"verejne-obstaravanie","status":"publish","type":"page","link":"http:\/\/www.dejum.sav.sk\/eduks\/verejne-obstaravanie\/","title":{"rendered":"VEREJN\u00c9 OBSTAR\u00c1VANIE"},"content":{"rendered":"<p><a href=\"http:\/\/www.dejum.sav.sk\/eduks\/wp-content\/uploads\/2011\/07\/Spr\u00e1va-o-z\u00e1kazke_monografie.pdf\"><\/a><a href=\"http:\/\/www.dejum.sav.sk\/eduks\/wp-content\/uploads\/2011\/07\/Sprava-o-zakazke-Vypoctova-technika-a-prislusenstvo.pdf\">Spr\u00e1va o z\u00e1kazke &#8211; V\u00fdpo\u010dtov\u00e1 technika a pr\u00edslu\u0161enstvo<\/a><\/p>\n<p><a href=\"http:\/\/www.dejum.sav.sk\/eduks\/wp-content\/uploads\/2011\/07\/Spr\u00e1va-o-z\u00e1kazke_monografie.pdf\"><\/a><a href=\"http:\/\/www.dejum.sav.sk\/eduks\/wp-content\/uploads\/2011\/07\/Sprava-o-zakazke_Infrastruktura.pdf\">Spr\u00e1va o z\u00e1kazke &#8211; N\u00e1rodn\u00e9 centrum excelentnosti pre Eur\u00f3pske dimenzie umeleckej kult\u00fary Slovenska<\/a><\/p>\n<p><a href=\"http:\/\/www.dejum.sav.sk\/eduks\/wp-content\/uploads\/2011\/07\/Spr\u00e1va-o-z\u00e1kazke_monografie.pdf\">Spr\u00e1va o z\u00e1kazke &#8211; Publik\u00e1cia, tla\u010d a distrib\u00facia monografi\u00ed z dej\u00edn umenia v anglickom jazyku <\/a><\/p>\n","protected":false},"excerpt":{"rendered":"<p>Spr\u00e1va o z\u00e1kazke &#8211; V\u00fdpo\u010dtov\u00e1 technika a pr\u00edslu\u0161enstvo Spr\u00e1va o z\u00e1kazke &#8211; N\u00e1rodn\u00e9 centrum excelentnosti pre Eur\u00f3pske dimenzie umeleckej kult\u00fary Slovenska Spr\u00e1va o z\u00e1kazke &#8211; Publik\u00e1cia, tla\u010d a distrib\u00facia monografi\u00ed z dej\u00edn umenia v anglickom jazyku<\/p>\n","protected":false},"author":6,"featured_media":0,"parent":0,"menu_order":0,"comment_status":"closed","ping_status":"open","template":"","meta":[],"_links":{"self":[{"href":"http:\/\/www.dejum.sav.sk\/eduks\/wp-json\/wp\/v2\/pages\/394"}],"collection":[{"href":"http:\/\/www.dejum.sav.sk\/eduks\/wp-json\/wp\/v2\/pages"}],"about":[{"href":"http:\/\/www.dejum.sav.sk\/eduks\/wp-json\/wp\/v2\/types\/page"}],"author":[{"embeddable":true,"href":"http:\/\/www.dejum.sav.sk\/eduks\/wp-json\/wp\/v2\/users\/6"}],"replies":[{"embeddable":true,"href":"http:\/\/www.dejum.sav.sk\/eduks\/wp-json\/wp\/v2\/comments?post=394"}],"version-history":[{"count":20,"href":"http:\/\/www.dejum.sav.sk\/eduks\/wp-json\/wp\/v2\/pages\/394\/revisions"}],"predecessor-version":[{"id":1548,"href":"http:\/\/www.dejum.sav.sk\/eduks\/wp-json\/wp\/v2\/pages\/394\/revisions\/1548"}],"wp:attachment":[{"href":"http:\/\/www.dejum.sav.sk\/eduks\/wp-json\/wp\/v2\/media?parent=394"}],"curies":[{"name":"wp","href":"https:\/\/api.w.org\/{rel}","templated":true}]}}