{"id":32,"date":"2011-04-01T12:20:08","date_gmt":"2011-04-01T12:20:08","guid":{"rendered":"http:\/\/localhost\/Eduks\/?page_id=32"},"modified":"2024-03-27T09:38:43","modified_gmt":"2024-03-27T09:38:43","slug":"domov","status":"publish","type":"page","link":"http:\/\/www.dejum.sav.sk\/eduks\/","title":{"rendered":"Domov"},"content":{"rendered":"<h1>Odkr\u00fdvame kult\u00farne dedi\u010dstvo Slovenska<\/h1>\n<p><img decoding=\"async\" loading=\"lazy\" class=\"size-full wp-image-258\" title=\"SAVlogo\" src=\"wp-content\/uploads\/2011\/04\/SAVlogo.png\" alt=\"\" width=\"87\" height=\"87\" \/><\/p>\n","protected":false},"excerpt":{"rendered":"<p>Odkr\u00fdvame kult\u00farne dedi\u010dstvo Slovenska<\/p>\n","protected":false},"author":1,"featured_media":0,"parent":0,"menu_order":0,"comment_status":"closed","ping_status":"open","template":"page-home.php","meta":[],"_links":{"self":[{"href":"http:\/\/www.dejum.sav.sk\/eduks\/wp-json\/wp\/v2\/pages\/32"}],"collection":[{"href":"http:\/\/www.dejum.sav.sk\/eduks\/wp-json\/wp\/v2\/pages"}],"about":[{"href":"http:\/\/www.dejum.sav.sk\/eduks\/wp-json\/wp\/v2\/types\/page"}],"author":[{"embeddable":true,"href":"http:\/\/www.dejum.sav.sk\/eduks\/wp-json\/wp\/v2\/users\/1"}],"replies":[{"embeddable":true,"href":"http:\/\/www.dejum.sav.sk\/eduks\/wp-json\/wp\/v2\/comments?post=32"}],"version-history":[{"count":72,"href":"http:\/\/www.dejum.sav.sk\/eduks\/wp-json\/wp\/v2\/pages\/32\/revisions"}],"predecessor-version":[{"id":1529,"href":"http:\/\/www.dejum.sav.sk\/eduks\/wp-json\/wp\/v2\/pages\/32\/revisions\/1529"}],"wp:attachment":[{"href":"http:\/\/www.dejum.sav.sk\/eduks\/wp-json\/wp\/v2\/media?parent=32"}],"curies":[{"name":"wp","href":"https:\/\/api.w.org\/{rel}","templated":true}]}}