{"id":1398,"date":"2014-10-01T09:49:36","date_gmt":"2014-10-01T09:49:36","guid":{"rendered":"http:\/\/www.dejum.sav.sk\/eduks\/?page_id=1398"},"modified":"2024-03-27T09:38:43","modified_gmt":"2024-03-27T09:38:43","slug":"linky","status":"publish","type":"page","link":"http:\/\/www.dejum.sav.sk\/eduks\/linky\/","title":{"rendered":"Linky"},"content":{"rendered":"<p><em><strong><a href=\"http:\/\/www.arslexicon.sk\/\">Arslexicon<\/a><\/strong><\/em><\/p>\n<p>Elektronick\u00e1 encyklop\u00e9dia zameran\u00e1 na dejiny a s\u00fa\u010dasnos\u0165 v\u00fdtvarn\u00e9ho umenia na Slovensku<\/p>\n<p><strong><em><a href=\"http:\/\/cantus.sk\/\">Slovak Early Music Database<\/a><\/em><\/strong><\/p>\n<p>Cantus Planus in Slovacia focuses on making accessible the oldest manuscripts and fragmentary preserved notated sources from Slovakia in form of the full-text database<\/p>\n","protected":false},"excerpt":{"rendered":"<p>Arslexicon Elektronick\u00e1 encyklop\u00e9dia zameran\u00e1 na dejiny a s\u00fa\u010dasnos\u0165 v\u00fdtvarn\u00e9ho umenia na Slovensku Slovak Early Music Database Cantus Planus in Slovacia focuses on making accessible the oldest manuscripts and fragmentary preserved notated sources from Slovakia in form of the full-text database<\/p>\n","protected":false},"author":6,"featured_media":0,"parent":0,"menu_order":0,"comment_status":"closed","ping_status":"open","template":"","meta":[],"_links":{"self":[{"href":"http:\/\/www.dejum.sav.sk\/eduks\/wp-json\/wp\/v2\/pages\/1398"}],"collection":[{"href":"http:\/\/www.dejum.sav.sk\/eduks\/wp-json\/wp\/v2\/pages"}],"about":[{"href":"http:\/\/www.dejum.sav.sk\/eduks\/wp-json\/wp\/v2\/types\/page"}],"author":[{"embeddable":true,"href":"http:\/\/www.dejum.sav.sk\/eduks\/wp-json\/wp\/v2\/users\/6"}],"replies":[{"embeddable":true,"href":"http:\/\/www.dejum.sav.sk\/eduks\/wp-json\/wp\/v2\/comments?post=1398"}],"version-history":[{"count":6,"href":"http:\/\/www.dejum.sav.sk\/eduks\/wp-json\/wp\/v2\/pages\/1398\/revisions"}],"predecessor-version":[{"id":1534,"href":"http:\/\/www.dejum.sav.sk\/eduks\/wp-json\/wp\/v2\/pages\/1398\/revisions\/1534"}],"wp:attachment":[{"href":"http:\/\/www.dejum.sav.sk\/eduks\/wp-json\/wp\/v2\/media?parent=1398"}],"curies":[{"name":"wp","href":"https:\/\/api.w.org\/{rel}","templated":true}]}}