{"id":1366,"date":"2014-09-29T08:42:23","date_gmt":"2014-09-29T08:42:23","guid":{"rendered":"http:\/\/www.dejum.sav.sk\/eduks\/?page_id=1366"},"modified":"2024-03-27T09:38:44","modified_gmt":"2024-03-27T09:38:44","slug":"verejny-portal","status":"publish","type":"page","link":"http:\/\/www.dejum.sav.sk\/eduks\/verejny-portal\/","title":{"rendered":"Verejn\u00fd port\u00e1l"},"content":{"rendered":"<p>V sekcii Verejn\u00fd port\u00e1l n\u00e1jdete odborn\u00e9 v\u00fdstupy, ktor\u00e9 vznikli v priebehu projektu EDUKS.<\/p>\n<p>&nbsp;<\/p>\n","protected":false},"excerpt":{"rendered":"<p>V sekcii Verejn\u00fd port\u00e1l n\u00e1jdete odborn\u00e9 v\u00fdstupy, ktor\u00e9 vznikli v priebehu projektu EDUKS. &nbsp;<\/p>\n","protected":false},"author":6,"featured_media":0,"parent":0,"menu_order":0,"comment_status":"closed","ping_status":"open","template":"","meta":[],"_links":{"self":[{"href":"http:\/\/www.dejum.sav.sk\/eduks\/wp-json\/wp\/v2\/pages\/1366"}],"collection":[{"href":"http:\/\/www.dejum.sav.sk\/eduks\/wp-json\/wp\/v2\/pages"}],"about":[{"href":"http:\/\/www.dejum.sav.sk\/eduks\/wp-json\/wp\/v2\/types\/page"}],"author":[{"embeddable":true,"href":"http:\/\/www.dejum.sav.sk\/eduks\/wp-json\/wp\/v2\/users\/6"}],"replies":[{"embeddable":true,"href":"http:\/\/www.dejum.sav.sk\/eduks\/wp-json\/wp\/v2\/comments?post=1366"}],"version-history":[{"count":18,"href":"http:\/\/www.dejum.sav.sk\/eduks\/wp-json\/wp\/v2\/pages\/1366\/revisions"}],"predecessor-version":[{"id":1372,"href":"http:\/\/www.dejum.sav.sk\/eduks\/wp-json\/wp\/v2\/pages\/1366\/revisions\/1372"}],"wp:attachment":[{"href":"http:\/\/www.dejum.sav.sk\/eduks\/wp-json\/wp\/v2\/media?parent=1366"}],"curies":[{"name":"wp","href":"https:\/\/api.w.org\/{rel}","templated":true}]}}